{"id":47,"date":"2020-08-11T12:02:02","date_gmt":"2020-08-11T15:02:02","guid":{"rendered":"https:\/\/posgrado.crub.uncoma.edu.ar\/?page_id=47"},"modified":"2026-04-06T12:22:50","modified_gmt":"2026-04-06T15:22:50","slug":"presentacion-tesis","status":"publish","type":"page","link":"https:\/\/posgrado.crub.uncoma.edu.ar\/?page_id=47","title":{"rendered":"Presentaci\u00f3n tesis"},"content":{"rendered":"\n<p><strong>Las Tesis pueden presentarse desde el 02 de FEBRERO y hasta el 14 de NOVIEMBRE de 2026<\/strong><\/p>\n\n\n\n<div class=\"wp-block-coblocks-accordion\">\n<div class=\"wp-block-coblocks-accordion-item\"><details><summary class=\"wp-block-coblocks-accordion-item__title has-text-color has-black-color\"><strong>INFORMACI\u00d3N GENERAL<\/strong><\/summary><div class=\"wp-block-coblocks-accordion-item__content\">\n<p>Debe preverse que la tesis podr\u00e1 defenderse en un lapso no menor a los 3 meses posteriores a la entrega debido a los tr\u00e1mites administrativos que conlleva el nombramiento del Jurado y los plazos acad\u00e9micos de an\u00e1lisis por parte del Jurado.<br>En caso debidamente fundamentado (adjudicaci\u00f3n de beca, viajes, etc.) el doctorando podr\u00e1 solicitar la conformaci\u00f3n anticipada del Jurado para lo cual deber\u00e1 elevar una nota solicitando la conformaci\u00f3n anticipada con compromiso de entrega del manuscrito dentro de los pr\u00f3ximos 3 meses a la solicitud y adjuntando la documentaci\u00f3n indicada <a href=\"https:\/\/archivo.crub.uncoma.edu.ar\/archivo\/posgrado\/DEPARTAMENTO%20DE%20POSGRADO\/DOCTORADO%20EN%20BIOLOGIA\/PRESENTACION%20TESIS\/SOLICITUD%20DE%20CONFORMACION%20DE%20JURADOS-2.doc\" target=\"_blank\" rel=\"noreferrer noopener\">aqu\u00ed<\/a><\/p>\n<\/div><\/details><\/div>\n\n\n\n<div class=\"wp-block-coblocks-accordion-item\"><details><summary class=\"wp-block-coblocks-accordion-item__title has-text-color has-black-color\"><strong>REQUISITOS PARA PRESENTACI\u00d3N DE LA TESIS DE DOCTORADO<\/strong><\/summary><div class=\"wp-block-coblocks-accordion-item__content\">\n<p>Para la presentaci\u00f3n del trabajo final de Tesis el Doctorando\/a tendr\u00e1 que reunir los siguientes requisitos:<\/p>\n\n\n\n<p>-Haber presentado los Informes de Avance.<\/p>\n\n\n\n<p>-Haber reunido treinta y ocho (32) cr\u00e9ditos en el \u00e1rea A y ocho (8) en el \u00e1rea B del art. 42\u00ba del Reglamento<\/p>\n\n\n\n<p>-Haber expuesto los dos Seminarios orales<\/p>\n\n\n\n<p>-Contar con el art\u00edculo cient\u00edfico de respaldo publicado o aceptado para su publicaci\u00f3n (indexado ISI), o patente presentada ante una oficina de Propiedad Intelectual.<\/p>\n<\/div><\/details><\/div>\n\n\n\n<div class=\"wp-block-coblocks-accordion-item\"><details><summary class=\"wp-block-coblocks-accordion-item__title has-text-color has-black-color\"><strong>TR\u00c1MITE DE PRESENTACI\u00d3N<\/strong> <strong>TESIS<\/strong><\/summary><div class=\"wp-block-coblocks-accordion-item__content\">\n<p>La primera versi\u00f3n de la Tesis de Doctorado <a href=\"https:\/\/archivo.crub.uncoma.edu.ar\/archivo\/posgrado\/DEPARTAMENTO%20DE%20POSGRADO\/DOCTORADO%20EN%20BIOLOGIA\/PRESENTACION%20TESIS\/SUGERENCIAS%20PARA%20TESIS-4.docx\" target=\"_blank\" rel=\"noreferrer noopener\">(instructivo)<\/a> deber\u00e1 ser presentada dentro de los periodos que determine anualmente la Comisi\u00f3n de Doctorado , seg\u00fan <a href=\"https:\/\/archivo.crub.uncoma.edu.ar\/archivo\/posgrado\/DEPARTAMENTO%20DE%20POSGRADO\/DOCTORADO%20EN%20BIOLOGIA\/REGLAMENTACION\/2026-CAL%20ACAD-DOCTORADO.pdf\" target=\"_blank\" rel=\"noreferrer noopener\">Calendario Acad\u00e9mico<\/a>.<\/p>\n\n\n\n<p>Esta primera versi\u00f3n de la tesis debe ser enviada por correo electr\u00f3nico con copia al equipo de direcci\u00f3n. La presentaci\u00f3n debe contener los siguientes documentos:<\/p>\n\n\n\n<p>a- Nota elevaci\u00f3n de Tesis en la que solicita adem\u00e1s la conformaci\u00f3n de Jurado firmada por Tesista y equipo de Direcci\u00f3n.<\/p>\n\n\n\n<p>b- Tesis en pdf y en <strong>word<\/strong> con el trabajo de respaldo incluido al final del cuerpo de la Tesis.<\/p>\n\n\n\n<p>c- Nota de elevaci\u00f3n del trabajo de respaldo explicitando el cap\u00edtulo y\/o secci\u00f3n de la tesis en el que se han incorporado los resultados, discusi\u00f3n y conclusiones inclu\u00eddos en este.<\/p>\n\n\n\n<p>d-Resumen de la Tesis con t\u00edtulo de tesis,&nbsp; autor y equipo de Direcci\u00f3n, consignar adem\u00e1s Universidad Nacional del Comahue y a\u00f1o de presentaci\u00f3n<\/p>\n\n\n\n<p>e- Trabajo de Respaldo.<\/p>\n\n\n\n<p>f- <a rel=\"noreferrer noopener\" href=\"https:\/\/archivo.crub.uncoma.edu.ar\/archivo\/posgrado\/DEPARTAMENTO%20DE%20POSGRADO\/DOCTORADO%20EN%20BIOLOGIA\/PRESENTACION%20TESIS\/Modelo%20Nota%20de%20Cesion%20de%20derechos%20de%20autor.doc\" target=\"_blank\">Nota<\/a> de Cesi\u00f3n de Derechos de Autor <\/p>\n\n\n\n<p>g- Propuesta de eventuales Jurados y recusados. (formularios <a rel=\"noreferrer noopener\" href=\"https:\/\/archivo.crub.uncoma.edu.ar\/archivo\/posgrado\/DEPARTAMENTO%20DE%20POSGRADO\/DOCTORADO%20EN%20BIOLOGIA\/PRESENTACION%20TESIS\/DB19-PosiblesJurados-02-NUEVO.doc\" target=\"_blank\">DB19<\/a>, y <a rel=\"noreferrer noopener\" href=\"https:\/\/archivo.crub.uncoma.edu.ar\/archivo\/posgrado\/DEPARTAMENTO%20DE%20POSGRADO\/DOCTORADO%20EN%20BIOLOGIA\/PRESENTACION%20TESIS\/DB18-RecusacionJuradosTesis-02-NUEVO.doc\" target=\"_blank\">DB18<\/a>, opcional)<\/p>\n\n\n\n<p>h-CVs reducido de 5 paginas del equipo directivo (Director, Co-director\/es)<\/p>\n\n\n\n<p>Todas las notas van firmadas por el\/la Tesista y equipo de direcci\u00f3n.<\/p>\n<\/div><\/details><\/div>\n<\/div>\n\n\n\n<div style=\"height:75px\" aria-hidden=\"true\" class=\"wp-block-spacer\"><\/div>\n\n\n\n<div class=\"wp-block-group\"><div class=\"wp-block-group__inner-container is-layout-flow wp-block-group-is-layout-flow\">\n<p class=\"has-black-color has-text-color has-medium-font-size\"><strong>TRAMITACI\u00d3N DE T\u00cdTULO DE DOCTOR\/A EN BIOLOG\u00cdA<\/strong><\/p>\n<\/div><\/div>\n\n\n\n<p class=\"has-black-color has-text-color has-asap-font-family has-custom-font\" style=\"font-size:18px;font-family:Asap\"><strong>Fechas l\u00edmite para presentaci\u00f3n de la documentaci\u00f3n (sin excepci\u00f3n): <\/strong><\/p>\n\n\n\n<p class=\"has-black-color has-text-color has-asap-font-family has-custom-font\" style=\"font-size:18px;font-family:Asap\"><strong>03\/02\/26 &#8211; Para la colaci\u00f3n de mayo 2026<\/strong><\/p>\n\n\n\n<p class=\"has-black-color has-text-color has-asap-font-family has-custom-font\" style=\"font-size:18px;font-family:Asap\"><strong>23\/04\/26- Para la colaci\u00f3n de septiembre 2026<\/strong><\/p>\n\n\n\n<p class=\"has-black-color has-text-color has-asap-font-family has-custom-font\" style=\"font-size:18px;font-family:Asap\"><strong>15\/08\/26- Para la colaci\u00f3n de diciembre 2026<\/strong><\/p>\n\n\n\n<div class=\"wp-block-coblocks-accordion\">\n<div class=\"wp-block-coblocks-accordion-item\"><details><summary class=\"wp-block-coblocks-accordion-item__title has-text-color has-black-color\"><strong>PRESENTACI\u00d3N<\/strong><\/summary><div class=\"wp-block-coblocks-accordion-item__content\">\n<p class=\"has-black-color has-text-color\">El Departamento de Postgrado establece la tramitaci\u00f3n del t\u00edtulo de Doctor\/a en Biolog\u00eda en forma virtual.&nbsp; Se debe remitir a doctoradobiologia@gmail.com la siguiente documentaci\u00f3n con firma digital:<\/p>\n\n\n\n<p class=\"has-black-color has-text-color\">1-Solicitud de t\u00edtulo <a href=\"https:\/\/archivo.crub.uncoma.edu.ar\/archivo\/posgrado\/DEPARTAMENTO%20DE%20POSGRADO\/DOCTORADO%20EN%20BIOLOGIA\/PRESENTACION%20TESIS\/Solicitud%20de%20Titulo%20alumno-formulario%201.pdf\" target=\"_blank\" rel=\"noreferrer noopener\">Formulario1<\/a><\/p>\n\n\n\n<p class=\"has-black-color has-text-color\">2-Nota por opci\u00f3n <a href=\"https:\/\/archivo.crub.uncoma.edu.ar\/archivo\/posgrado\/DEPARTAMENTO%20DE%20POSGRADO\/DOCTORADO%20EN%20BIOLOGIA\/PRESENTACION%20TESIS\/NOTA%20OPCION%20JURAMENTOS%20o%20COMPROMISOS.docx\" target=\"_blank\" rel=\"noreferrer noopener\">juramentos o compromisos<\/a> o Nota por opci\u00f3n <a rel=\"noreferrer noopener\" href=\"https:\/\/archivo.crub.uncoma.edu.ar\/archivo\/posgrado\/DEPARTAMENTO%20DE%20POSGRADO\/DOCTORADO%20EN%20BIOLOGIA\/PRESENTACION%20TESIS\/NOTA%20POR%20OPCION%20NO%20JURAR.docx\" target=\"_blank\">no jurar<\/a><\/p>\n\n\n\n<p class=\"has-black-color has-text-color\">3- Copia ampliada (al 150%) de la 1\u00ba y 2\u00ba hoja del DNI, con firma y aclaraci\u00f3n.<\/p>\n\n\n\n<p class=\"has-black-color has-text-color\">4-Copia del t\u00edtulo de grado<\/p>\n\n\n\n<p class=\"has-black-color has-text-color\"><\/p>\n<\/div><\/details><\/div>\n\n\n\n<div class=\"wp-block-coblocks-accordion-item\"><\/div>\n<\/div>\n\n\n\n<div class=\"wp-block-coblocks-accordion\">\n<div class=\"wp-block-coblocks-accordion-item\"><\/div>\n<\/div>\n","protected":false},"excerpt":{"rendered":"<p>Las Tesis pueden presentarse desde el 02 de FEBRERO y hasta el 14 de NOVIEMBRE de 2026 TRAMITACI\u00d3N DE T\u00cdTULO DE DOCTOR\/A EN BIOLOG\u00cdA Fechas l\u00edmite para presentaci\u00f3n de la &#8230;<\/p>\n","protected":false},"author":1,"featured_media":0,"parent":0,"menu_order":0,"comment_status":"closed","ping_status":"closed","template":"","meta":{"_coblocks_attr":"Karla,Faustina,Times New Roman,Arial,Georgia,Asap","_coblocks_dimensions":"","_coblocks_responsive_height":"","_coblocks_accordion_ie_support":"","footnotes":""},"folder":[],"class_list":["post-47","page","type-page","status-publish","hentry"],"_links":{"self":[{"href":"https:\/\/posgrado.crub.uncoma.edu.ar\/index.php?rest_route=\/wp\/v2\/pages\/47","targetHints":{"allow":["GET"]}}],"collection":[{"href":"https:\/\/posgrado.crub.uncoma.edu.ar\/index.php?rest_route=\/wp\/v2\/pages"}],"about":[{"href":"https:\/\/posgrado.crub.uncoma.edu.ar\/index.php?rest_route=\/wp\/v2\/types\/page"}],"author":[{"embeddable":true,"href":"https:\/\/posgrado.crub.uncoma.edu.ar\/index.php?rest_route=\/wp\/v2\/users\/1"}],"replies":[{"embeddable":true,"href":"https:\/\/posgrado.crub.uncoma.edu.ar\/index.php?rest_route=%2Fwp%2Fv2%2Fcomments&post=47"}],"version-history":[{"count":54,"href":"https:\/\/posgrado.crub.uncoma.edu.ar\/index.php?rest_route=\/wp\/v2\/pages\/47\/revisions"}],"predecessor-version":[{"id":3758,"href":"https:\/\/posgrado.crub.uncoma.edu.ar\/index.php?rest_route=\/wp\/v2\/pages\/47\/revisions\/3758"}],"wp:attachment":[{"href":"https:\/\/posgrado.crub.uncoma.edu.ar\/index.php?rest_route=%2Fwp%2Fv2%2Fmedia&parent=47"}],"wp:term":[{"taxonomy":"folder","embeddable":true,"href":"https:\/\/posgrado.crub.uncoma.edu.ar\/index.php?rest_route=%2Fwp%2Fv2%2Ffolder&post=47"}],"curies":[{"name":"wp","href":"https:\/\/api.w.org\/{rel}","templated":true}]}}