{"id":456,"date":"2021-02-18T12:12:59","date_gmt":"2021-02-18T15:12:59","guid":{"rendered":"https:\/\/posgrado.crub.uncoma.edu.ar\/?page_id=456"},"modified":"2026-04-07T11:15:36","modified_gmt":"2026-04-07T14:15:36","slug":"proximos-eventos","status":"publish","type":"page","link":"https:\/\/posgrado.crub.uncoma.edu.ar\/?page_id=456","title":{"rendered":"Pr\u00f3ximos eventos"},"content":{"rendered":"\n<p class=\"has-text-align-center\" style=\"font-size:15px\"><\/p>\n\n\n\n<hr class=\"wp-block-separator has-alpha-channel-opacity is-style-wide\"\/>\n\n\n\n<p><\/p>\n\n\n\n<p class=\"has-text-align-center\" style=\"font-size:20px\"><strong>El Doctorado en Biolog\u00eda UNCo Bariloche invita a presenciar la siguiente Defensa de Tesis Doctoral:<\/strong><\/p>\n\n\n\n<p class=\"has-text-align-left\" style=\"font-size:14px\"><\/p>\n\n\n\n<hr class=\"wp-block-separator has-alpha-channel-opacity is-style-wide\"\/>\n\n\n\n<p class=\"has-text-align-center\"><strong>Mi\u00e9rcoles 8 de abril &#8211; Bi\u00f3l. Maria del Milagro Torres<\/strong><\/p>\n\n\n\n<p class=\"has-text-align-center\"><strong><u>10:30 hs<\/u>&nbsp; CRUB-Quintral 1250 &#8211; Sala de Haro&nbsp;<\/strong><\/p>\n\n\n\n<p><strong>&#8220;Efectos ecol\u00f3gicos del control de especies no nativas en ecosistemas multi-invadidos: el caso de&nbsp;<\/strong><em><strong>Salix&nbsp;<\/strong>spp<\/em>.<strong>&nbsp;en comunidades riparias del NO de la Patagonia&#8221;, <\/strong>a cargo de la&nbsp;<strong>Bi\u00f3l. Maria del Milagro Torres<\/strong>y realizada bajo la direcci\u00f3n de la Dra. Maria Andrea Relva (INIBIOMA,CONICET- UNCo) y la codirecci\u00f3n de la Dra.&nbsp; Melisa Blackhall&nbsp;(INIBIOMA,CONICET-UNCo)<br><strong>Jurados<\/strong>: Dr. Ricardo Javier Albari\u00f1o (INIBIOMA, CONICET &#8211; UNCo), Dra. Yamila Sasal (INIBIOMA, CONICET-UNCo) y Dra. Paula Andrea Tecco (IMBIV, CONICET-UNC)<\/p>\n\n\n\n<p>Presenciar por canal de Youtube del Doctorado: <a href=\"https:\/\/www.youtube.com\/channel\/UCUM14UggcCRCD34RM9y2Zsw\" target=\"_blank\" rel=\"noreferrer noopener\">aqu\u00ed<\/a> seleccionar &#8220;en directo&#8221;.<\/p>\n\n\n\n<p>Link para presenciar el acto acad\u00e9mico por ZOOM:<\/p>\n\n\n\n<p><a href=\"https:\/\/us02web.zoom.us\/j\/88377042341?pwd=QGWG4vkwkZaJxNerNMQ2BjWIyvg8sl.1\">https:\/\/us02web.zoom.us\/j\/88377042341?pwd=QGWG4vkwkZaJxNerNMQ2BjWIyvg8sl.1<\/a><\/p>\n\n\n\n<p>ID de reuni\u00f3n: &nbsp;883 7704 2341<br>C\u00f3digo de acceso: 443652<\/p>\n\n\n\n<p class=\"has-text-align-left\" style=\"font-size:14px\">Para ver resumen haga click <a href=\"https:\/\/archivo.crub.uncoma.edu.ar\/archivo\/posgrado\/DEPARTAMENTO%20DE%20POSGRADO\/DOCTORADO%20EN%20BIOLOGIA\/PROXIMOS%20EVENTOS\/Resumen%20tesis%20Torres.pdf\" target=\"_blank\" rel=\"noreferrer noopener\">aqui<\/a><\/p>\n\n\n\n<hr class=\"wp-block-separator has-alpha-channel-opacity is-style-wide\"\/>\n\n\n\n<p class=\"has-text-align-center\"><strong>Jueves 9 de abril &#8211; Lic. Emilia Beatriz Deleglise<\/strong><\/p>\n\n\n\n<p class=\"has-text-align-center\"><strong><u>10:30 hs<\/u>&nbsp;&#8211; Defensa virtual<\/strong><\/p>\n\n\n\n<p><strong>&#8220;Modulaci\u00f3n&nbsp;de la neurog\u00e9nesis adulta y la regeneraci\u00f3n neuronal por el sistema cannabinoide en el telenc\u00e9falo de&nbsp;<em>Danio rerio&nbsp;<\/em>(pez cebra), <\/strong>a cargo de la&nbsp;<strong>Lic. Emilia&nbsp;Beatriz Deleglise&nbsp;<\/strong>y realizada bajo la direcci\u00f3n del Dr. Lucas Mongiat (GAIyANN &#8211; CNEA). <br><strong>Jurados<\/strong>:&nbsp;Dra. Damiana Paula Giacomino (IIBBA-,CONICET), Dra. Silvina Laura Diaz (IB3, UBA) y Dr. Diego Esteban Pafundo (IFIBIO HOUSSAY, CONICET).<\/p>\n\n\n\n<p>Presenciar por canal de Youtube del Doctorado: <a href=\"https:\/\/www.youtube.com\/channel\/UCUM14UggcCRCD34RM9y2Zsw\" target=\"_blank\" rel=\"noreferrer noopener\">aqu\u00ed<\/a> seleccionar &#8220;en directo&#8221;.<\/p>\n\n\n\n<p>Link para presenciar el acto acad\u00e9mico por ZOOM:<\/p>\n\n\n\n<p><a href=\"https:\/\/us02web.zoom.us\/j\/88377042341?pwd=QGWG4vkwkZaJxNerNMQ2BjWIyvg8sl.1\">https:\/\/us02web.zoom.us\/j\/88377042341?pwd=QGWG4vkwkZaJxNerNMQ2BjWIyvg8sl.1<\/a><\/p>\n\n\n\n<p>ID de reuni\u00f3n: &nbsp;883 7704 2341<br>C\u00f3digo de acceso: 443652<\/p>\n\n\n\n<p class=\"has-text-align-left\" style=\"font-size:14px\">Para ver resumen haga click <a href=\"https:\/\/archivo.crub.uncoma.edu.ar\/archivo\/posgrado\/DEPARTAMENTO%20DE%20POSGRADO\/DOCTORADO%20EN%20BIOLOGIA\/PROXIMOS%20EVENTOS\/d_Resumen_DELEGLISE.pdf\">aqui<\/a><\/p>\n\n\n\n<hr class=\"wp-block-separator has-alpha-channel-opacity is-style-wide\"\/>\n\n\n\n<p class=\"has-text-align-center\"><strong>Martes 14 de abril &#8211; Lic. Agustina Paula Porrino<\/strong><\/p>\n\n\n\n<p class=\"has-text-align-center\"><strong><u>10:30 hs<\/u>&nbsp;Aula de Haro &#8211; Sede CRUB- Quintral 1250<\/strong><\/p>\n\n\n\n<p><strong>&#8220;Estrategias&nbsp;y comportamiento reproductivo de la avispa invasora&nbsp;<em>Vespula germanica&nbsp;<\/em>en la Patagonia<em>&#8220;<\/em>, <\/strong>a cargo de la&nbsp;<strong>Lic. Agustina Paula Porrino&nbsp;<\/strong>y realizada bajo la direcci\u00f3n del Dr. Andr\u00e9s S. Martinez (IFAB- CONICET) y la codirecci\u00f3n de la Dra. Mait\u00e9 Masciocchi (IFAB-CONICET).<br><strong>Jurados<\/strong>:&nbsp;Dra. Maria Paula&nbsp;Arbetman (INIBIOMA-CONICET-UNCo), Dr. Andr\u00e9s Arenas (IBBEA-CONICET)&nbsp;y Dra. Marcela Karina Castelo (IGEBA-CONICET-UBA)<\/p>\n\n\n\n<p>Presenciar por canal de Youtube del Doctorado: <a href=\"https:\/\/www.youtube.com\/channel\/UCUM14UggcCRCD34RM9y2Zsw\" target=\"_blank\" rel=\"noreferrer noopener\">aqu\u00ed<\/a> seleccionar &#8220;en directo&#8221;.<\/p>\n\n\n\n<p>Link para presenciar el acto acad\u00e9mico por ZOOM:<\/p>\n\n\n\n<p><a href=\"https:\/\/us02web.zoom.us\/j\/84866022212?pwd=K0T4OqtGsljs0aNnJJzwOtUasbCyi3.1\">https:\/\/us02web.zoom.us\/j\/84866022212?pwd=K0T4OqtGsljs0aNnJJzwOtUasbCyi3.1<\/a><\/p>\n\n\n\n<p>ID de reuni\u00f3n: &nbsp;848 6602 2212<br>C\u00f3digo de acceso: 549072<\/p>\n\n\n\n<p class=\"has-text-align-left\" style=\"font-size:14px\">Para ver resumen haga click <a href=\"https:\/\/archivo.crub.uncoma.edu.ar\/archivo\/posgrado\/DEPARTAMENTO%20DE%20POSGRADO\/DOCTORADO%20EN%20BIOLOGIA\/PROXIMOS%20EVENTOS\/d.%20Resumen%20de%20Tesis%20Doctoral%20-%20PORRINO%2C%20Agustina.pdf\" target=\"_blank\" rel=\"noreferrer noopener\">aqui<\/a><\/p>\n\n\n\n<p><\/p>\n","protected":false},"excerpt":{"rendered":"<p>El Doctorado en Biolog\u00eda UNCo Bariloche invita a presenciar la siguiente Defensa de Tesis Doctoral: Mi\u00e9rcoles 8 de abril &#8211; Bi\u00f3l. Maria del Milagro Torres 10:30 hs&nbsp; CRUB-Quintral 1250 &#8211; &#8230;<\/p>\n","protected":false},"author":1,"featured_media":0,"parent":0,"menu_order":0,"comment_status":"closed","ping_status":"closed","template":"","meta":{"_coblocks_attr":"Merriweather,Cormorant Garamond,Karla,Helvetica","_coblocks_dimensions":"","_coblocks_responsive_height":"","_coblocks_accordion_ie_support":"","footnotes":""},"folder":[],"class_list":["post-456","page","type-page","status-publish","hentry"],"_links":{"self":[{"href":"https:\/\/posgrado.crub.uncoma.edu.ar\/index.php?rest_route=\/wp\/v2\/pages\/456","targetHints":{"allow":["GET"]}}],"collection":[{"href":"https:\/\/posgrado.crub.uncoma.edu.ar\/index.php?rest_route=\/wp\/v2\/pages"}],"about":[{"href":"https:\/\/posgrado.crub.uncoma.edu.ar\/index.php?rest_route=\/wp\/v2\/types\/page"}],"author":[{"embeddable":true,"href":"https:\/\/posgrado.crub.uncoma.edu.ar\/index.php?rest_route=\/wp\/v2\/users\/1"}],"replies":[{"embeddable":true,"href":"https:\/\/posgrado.crub.uncoma.edu.ar\/index.php?rest_route=%2Fwp%2Fv2%2Fcomments&post=456"}],"version-history":[{"count":222,"href":"https:\/\/posgrado.crub.uncoma.edu.ar\/index.php?rest_route=\/wp\/v2\/pages\/456\/revisions"}],"predecessor-version":[{"id":3761,"href":"https:\/\/posgrado.crub.uncoma.edu.ar\/index.php?rest_route=\/wp\/v2\/pages\/456\/revisions\/3761"}],"wp:attachment":[{"href":"https:\/\/posgrado.crub.uncoma.edu.ar\/index.php?rest_route=%2Fwp%2Fv2%2Fmedia&parent=456"}],"wp:term":[{"taxonomy":"folder","embeddable":true,"href":"https:\/\/posgrado.crub.uncoma.edu.ar\/index.php?rest_route=%2Fwp%2Fv2%2Ffolder&post=456"}],"curies":[{"name":"wp","href":"https:\/\/api.w.org\/{rel}","templated":true}]}}