{"id":45,"date":"2020-08-11T12:01:45","date_gmt":"2020-08-11T15:01:45","guid":{"rendered":"https:\/\/posgrado.crub.uncoma.edu.ar\/?page_id=45"},"modified":"2025-12-22T07:21:13","modified_gmt":"2025-12-22T10:21:13","slug":"creditos","status":"publish","type":"page","link":"https:\/\/posgrado.crub.uncoma.edu.ar\/?page_id=45","title":{"rendered":"Cr\u00e9ditos"},"content":{"rendered":"\n<p>Los cursos y asignaturas realizados en el marco del Doctorado en Biolog\u00eda CRUB-UNCo se acreditan autom\u00e1ticamente sin necesidad de tr\u00e1mite alguno y quedan reflejados en el historial acad\u00e9mico del SIU Guaran\u00ed. Aquellos realizados en otras Universidades en el marco de Carreras de Postgrado se presentan para reconocimiento de equivalencia en la fecha indicada por Calendario Acad\u00e9mico y deben cumplir las condiciones detalladas en el instructivo (ver abajo)<\/p>\n\n\n\n<h3 class=\"wp-block-heading\">Solicitud de EQUIVALENCIAS 2026:<\/h3>\n\n\n\n<p><strong>DEL 2 al 31 de MARZO<\/strong><\/p>\n\n\n\n<p>La acreditaci\u00f3n de cursos y\/o asignaturas de postgrado se rige por el Cap\u00edtulo IX de la <a href=\"https:\/\/archivo.crub.uncoma.edu.ar\/archivo\/posgrado\/DEPARTAMENTO%20DE%20POSGRADO\/DOCTORADO%20EN%20BIOLOGIA\/REGLAMENTACION\/ORD%20557-10-PLAN%20DOCTORADO%20texto%20ordenado..pdf\" target=\"_blank\" rel=\"noreferrer noopener\">Ord. N\u00ba557\/10<\/a> (Reglamento de Carrera), y las Circulares N\u00ba <a href=\"https:\/\/archivo.crub.uncoma.edu.ar\/archivo\/posgrado\/DEPARTAMENTO%20DE%20POSGRADO\/DOCTORADO%20EN%20BIOLOGIA\/CREDITOS\/CIRCULAR12-13-REQUISITOS%20CURSOS.pdf\" target=\"_blank\" rel=\"noreferrer noopener\">12\/13<\/a>, N\u00ba <a href=\"https:\/\/archivo.crub.uncoma.edu.ar\/archivo\/posgrado\/DEPARTAMENTO%20DE%20POSGRADO\/DOCTORADO%20EN%20BIOLOGIA\/CREDITOS\/CIRCULAR19-18-CREDITOS%20ASIGNATURAS.pdf\" target=\"_blank\" rel=\"noreferrer noopener\">19\/18<\/a> y\u00a0 N\u00ba <a href=\"https:\/\/archivo.crub.uncoma.edu.ar\/archivo\/posgrado\/DEPARTAMENTO%20DE%20POSGRADO\/DOCTORADO%20EN%20BIOLOGIA\/CREDITOS\/CIRCULAR23-19-ACREDITACION%20CURSOS.pdf\" target=\"_blank\" rel=\"noreferrer noopener\">23\/19<\/a> de la Comisi\u00f3n de Doctorado.<\/p>\n\n\n\n<div style=\"height:20px\" aria-hidden=\"true\" class=\"wp-block-spacer\"><\/div>\n\n\n\n<div class=\"wp-block-coblocks-accordion\">\n<div class=\"wp-block-coblocks-accordion-item\"><details><summary class=\"wp-block-coblocks-accordion-item__title\"><strong>INSTRUCTIVO PARA SOLICITUD DE EQUIVALENCIAS<\/strong><\/summary><div class=\"wp-block-coblocks-accordion-item__content\">\n<p>La documentaci\u00f3n ser\u00e1 remitida solamente por correo electr\u00f3nico a la siguiente direcci\u00f3n : doctoradobiologia@gmail.com<\/p>\n\n\n\n<p>Para acreditar cursos externos al Doctorado en Biolog\u00eda CRUB-UNCo: presentar el formulario <a href=\"https:\/\/archivo.crub.uncoma.edu.ar\/archivo\/posgrado\/DEPARTAMENTO%20DE%20POSGRADO\/DOCTORADO%20EN%20BIOLOGIA\/CREDITOS\/DB12-SolicitudEquivalencias-07.doc\" target=\"_blank\" rel=\"noreferrer noopener\">DB12.07<\/a>, completo y firmado por el doctorando y equipo de direcci\u00f3n. Adem\u00e1s del formulario, deber\u00e1n presentar:<\/p>\n\n\n\n<p>1) Certificado de aprobaci\u00f3n emitido que cumpla con la RES ME N\u00ba 4600-E2017, Promoci\u00f3n de carreras, titulaciones y trayectos formativos. En el Certificado debe constar al menos: Universidad que expide el certificado, Carrera de postgrado en la que se dict\u00f3 el curso, modalidad del curso, nota obtenida, carga horaria y firma del docente.<\/p>\n\n\n\n<p>2) Resoluci\u00f3n universitaria de aprobaci\u00f3n del curso.<\/p>\n\n\n\n<p>3)-CV resumido de los docentes.<\/p>\n\n\n\n<p>4)-Programa del curso<\/p>\n\n\n\n<p>Si fuera necesario complementar la informaci\u00f3n del Certificado, puede presentarse documentaci\u00f3n complementaria. Para determinar la pertenencia de un curso a una Carrera de Postgrado, puede presentarse: Plan de Estudios de la Carrera a la que corresponde el curso; Resoluci\u00f3n de aprobaci\u00f3n del curso donde conste la Carrera; nota firmada por el Director de Carrera o autoridad acad\u00e9mica.<\/p>\n\n\n\n<p>El curso debe formar parte de una Carrera de Postgrado (Doctorado, Maestr\u00eda, Especializaci\u00f3n) y en alguno de estos documentos deber\u00e1 constar esta pertenencia. &nbsp;Los cursos de Postgrado que son dados como cursos de capacitaci\u00f3n y perfeccionamiento para graduados por fuera de Carreras, no se acreditan en el Doctorado.<\/p>\n\n\n\n<p><\/p>\n<\/div><\/details><\/div>\n\n\n\n<div class=\"wp-block-coblocks-accordion-item\"><details><summary class=\"wp-block-coblocks-accordion-item__title\"><strong>ACTIVIDADES DE TRANSFERENCIA Y\/O EXTENSI\u00d3N<\/strong><\/summary><div class=\"wp-block-coblocks-accordion-item__content\">\n<p>Para acreditar actividades de transferencia:&nbsp; presentar el formulario <a href=\"https:\/\/archivo.crub.uncoma.edu.ar\/archivo\/posgrado\/DEPARTAMENTO%20DE%20POSGRADO\/DOCTORADO%20EN%20BIOLOGIA\/CREDITOS\/DB15-SolicitudActivtransferencia-01.doc\" target=\"_blank\" rel=\"noreferrer noopener\">DB15.01<\/a>, completo y firmado por el doctorando y equipo de direcci\u00f3n.<br>Se otorgar\u00e1 un \u00fanico cr\u00e9dito por actividad, hasta 2 cr\u00e9ditos. <\/p>\n<\/div><\/details><\/div>\n\n\n\n<div class=\"wp-block-coblocks-accordion-item\"><details><summary class=\"wp-block-coblocks-accordion-item__title\"><strong>SOBRE LOS PROCEDIMIENTOS<\/strong><\/summary><div class=\"wp-block-coblocks-accordion-item__content\">\n<p>Una vez recibida la documentaci\u00f3n, el Depto. de Postgrado supervisa en primera instancia si la misma est\u00e1 presentada en forma seg\u00fan este instructivo.<\/p>\n\n\n\n<p>Las solicitudes de cr\u00e9ditos que cumplen con todos los aspectos de forma son elevadas a la Comisi\u00f3n de Doctorado para su evaluaci\u00f3n.<\/p>\n\n\n\n<p>Las solicitudes de cr\u00e9ditos son tratadas por la Comisi\u00f3n de Doctorado dentro de los pr\u00f3ximos 30 (treinta) d\u00edas de ingresada la solicitud, constando en actas los cr\u00e9ditos otorgados, si correspondiese. Las acreditaciones otorgadas son formalizadas y registradas en el SIU Guaran\u00ed.<\/p>\n\n\n\n<p>En caso que no se asignen cr\u00e9ditos, el tesista ser\u00e1 informado mediante Memor\u00e1ndum.<\/p>\n<\/div><\/details><\/div>\n<\/div>\n\n\n\n<p>Se informa a los Doctorandos y a sus Equipos de Direcci\u00f3n que las notas de solicitud de excepci\u00f3n, pr\u00f3rrogas, etc. deben ser dirigidas a la Comisi\u00f3n de Doctorado o al Director del Doctorado.<\/p>\n","protected":false},"excerpt":{"rendered":"<p>Los cursos y asignaturas realizados en el marco del Doctorado en Biolog\u00eda CRUB-UNCo se acreditan autom\u00e1ticamente sin necesidad de tr\u00e1mite alguno y quedan reflejados en el historial acad\u00e9mico del SIU &#8230;<\/p>\n","protected":false},"author":1,"featured_media":0,"parent":0,"menu_order":0,"comment_status":"closed","ping_status":"closed","template":"","meta":{"_coblocks_attr":"","_coblocks_dimensions":"","_coblocks_responsive_height":"","_coblocks_accordion_ie_support":"","footnotes":""},"folder":[],"class_list":["post-45","page","type-page","status-publish","hentry"],"_links":{"self":[{"href":"https:\/\/posgrado.crub.uncoma.edu.ar\/index.php?rest_route=\/wp\/v2\/pages\/45","targetHints":{"allow":["GET"]}}],"collection":[{"href":"https:\/\/posgrado.crub.uncoma.edu.ar\/index.php?rest_route=\/wp\/v2\/pages"}],"about":[{"href":"https:\/\/posgrado.crub.uncoma.edu.ar\/index.php?rest_route=\/wp\/v2\/types\/page"}],"author":[{"embeddable":true,"href":"https:\/\/posgrado.crub.uncoma.edu.ar\/index.php?rest_route=\/wp\/v2\/users\/1"}],"replies":[{"embeddable":true,"href":"https:\/\/posgrado.crub.uncoma.edu.ar\/index.php?rest_route=%2Fwp%2Fv2%2Fcomments&post=45"}],"version-history":[{"count":27,"href":"https:\/\/posgrado.crub.uncoma.edu.ar\/index.php?rest_route=\/wp\/v2\/pages\/45\/revisions"}],"predecessor-version":[{"id":3576,"href":"https:\/\/posgrado.crub.uncoma.edu.ar\/index.php?rest_route=\/wp\/v2\/pages\/45\/revisions\/3576"}],"wp:attachment":[{"href":"https:\/\/posgrado.crub.uncoma.edu.ar\/index.php?rest_route=%2Fwp%2Fv2%2Fmedia&parent=45"}],"wp:term":[{"taxonomy":"folder","embeddable":true,"href":"https:\/\/posgrado.crub.uncoma.edu.ar\/index.php?rest_route=%2Fwp%2Fv2%2Ffolder&post=45"}],"curies":[{"name":"wp","href":"https:\/\/api.w.org\/{rel}","templated":true}]}}