{"id":43,"date":"2020-08-11T12:01:26","date_gmt":"2020-08-11T15:01:26","guid":{"rendered":"https:\/\/posgrado.crub.uncoma.edu.ar\/?page_id=43"},"modified":"2025-11-27T11:09:22","modified_gmt":"2025-11-27T14:09:22","slug":"regularidad","status":"publish","type":"page","link":"https:\/\/posgrado.crub.uncoma.edu.ar\/?page_id=43","title":{"rendered":"Regularidad"},"content":{"rendered":"\n<h3 class=\"wp-block-heading\">REGULARIDAD EN LA CARRERA<\/h3>\n\n\n\n<p>Se considera alumno regular al postulante que, habiendo cumplido los requisitos de inscripci\u00f3n, est\u00e1 admitido para cursar la Carrera de Doctorado en Biolog\u00eda de esta Universidad.<\/p>\n\n\n\n<div class=\"wp-block-buttons is-layout-flex wp-block-buttons-is-layout-flex\">\n<div class=\"wp-block-button w-100\"><a class=\"wp-block-button__link has-vivid-cyan-blue-background-color has-background\" href=\"https:\/\/posgrado.crub.uncoma.edu.ar\/?page_id=364\" style=\"border-radius:5px\">Requisitos para mantener la regularidad<\/a><\/div>\n<\/div>\n\n\n\n<div style=\"height:40px\" aria-hidden=\"true\" class=\"wp-block-spacer\"><\/div>\n\n\n\n<h3 class=\"wp-block-heading\">DURACI\u00d3N DE LA CARRERA<\/h3>\n\n\n\n<p>La duraci\u00f3n m\u00e1xima de la Carrera de Doctorado en Biolog\u00eda es de cinco (5) a\u00f1os, contados a partir de la fecha del Acta de Admisi\u00f3n.<\/p>\n\n\n\n<p>En caso de solicitar licencia y\/o pr\u00f3rroga, se deber\u00e1 enviar por correo electr\u00f3nico el formulario <strong><a href=\"https:\/\/archivo.crub.uncoma.edu.ar\/archivo\/posgrado\/DEPARTAMENTO%20DE%20POSGRADO\/DOCTORADO%20EN%20BIOLOGIA\/REGULARIDAD\/DB13-SolicitudProrroga-01.doc\" target=\"_blank\" rel=\"noreferrer noopener\">DB13.01<\/a><\/strong> o <a href=\"https:\/\/archivo.crub.uncoma.edu.ar\/archivo\/posgrado\/DEPARTAMENTO%20DE%20POSGRADO\/DOCTORADO%20EN%20BIOLOGIA\/REGULARIDAD\/DB14-SolicitudLicencia-01.doc\" target=\"_blank\" rel=\"noreferrer noopener\"><strong>DB14.01<\/strong><\/a>, seg\u00fan corresponda.&nbsp;<\/p>\n\n\n\n<p>&nbsp;Se informa a los Doctorandos y a sus Equipos de Direcci\u00f3n que las notas de solicitud de excepci\u00f3n, pr\u00f3rrogas, etc. deben ser dirigidas a la Comisi\u00f3n de Doctorado o al Director del Doctorado.<\/p>\n\n\n\n<p><\/p>\n","protected":false},"excerpt":{"rendered":"<p>REGULARIDAD EN LA CARRERA Se considera alumno regular al postulante que, habiendo cumplido los requisitos de inscripci\u00f3n, est\u00e1 admitido para cursar la Carrera de Doctorado en Biolog\u00eda de esta Universidad. &#8230;<\/p>\n","protected":false},"author":1,"featured_media":0,"parent":0,"menu_order":0,"comment_status":"closed","ping_status":"closed","template":"","meta":{"_coblocks_attr":"","_coblocks_dimensions":"","_coblocks_responsive_height":"","_coblocks_accordion_ie_support":"","footnotes":""},"folder":[],"class_list":["post-43","page","type-page","status-publish","hentry"],"_links":{"self":[{"href":"https:\/\/posgrado.crub.uncoma.edu.ar\/index.php?rest_route=\/wp\/v2\/pages\/43","targetHints":{"allow":["GET"]}}],"collection":[{"href":"https:\/\/posgrado.crub.uncoma.edu.ar\/index.php?rest_route=\/wp\/v2\/pages"}],"about":[{"href":"https:\/\/posgrado.crub.uncoma.edu.ar\/index.php?rest_route=\/wp\/v2\/types\/page"}],"author":[{"embeddable":true,"href":"https:\/\/posgrado.crub.uncoma.edu.ar\/index.php?rest_route=\/wp\/v2\/users\/1"}],"replies":[{"embeddable":true,"href":"https:\/\/posgrado.crub.uncoma.edu.ar\/index.php?rest_route=%2Fwp%2Fv2%2Fcomments&post=43"}],"version-history":[{"count":5,"href":"https:\/\/posgrado.crub.uncoma.edu.ar\/index.php?rest_route=\/wp\/v2\/pages\/43\/revisions"}],"predecessor-version":[{"id":956,"href":"https:\/\/posgrado.crub.uncoma.edu.ar\/index.php?rest_route=\/wp\/v2\/pages\/43\/revisions\/956"}],"wp:attachment":[{"href":"https:\/\/posgrado.crub.uncoma.edu.ar\/index.php?rest_route=%2Fwp%2Fv2%2Fmedia&parent=43"}],"wp:term":[{"taxonomy":"folder","embeddable":true,"href":"https:\/\/posgrado.crub.uncoma.edu.ar\/index.php?rest_route=%2Fwp%2Fv2%2Ffolder&post=43"}],"curies":[{"name":"wp","href":"https:\/\/api.w.org\/{rel}","templated":true}]}}