{"id":3782,"date":"2026-04-21T10:40:39","date_gmt":"2026-04-21T13:40:39","guid":{"rendered":"https:\/\/posgrado.crub.uncoma.edu.ar\/?page_id=3782"},"modified":"2026-04-21T11:10:05","modified_gmt":"2026-04-21T14:10:05","slug":"presentacion-de-tesis","status":"publish","type":"page","link":"https:\/\/posgrado.crub.uncoma.edu.ar\/?page_id=3782","title":{"rendered":"Presentaci\u00f3n de tesis"},"content":{"rendered":"\n<div class=\"wp-block-coblocks-accordion\">\n<div class=\"wp-block-coblocks-accordion-item\"><details><summary class=\"wp-block-coblocks-accordion-item__title\"><strong>TR\u00c1MITES DE PRESENTACI\u00d3N <\/strong><\/summary><div class=\"wp-block-coblocks-accordion-item__content\">\n<p>La primera versi\u00f3n de la Tesis de Maestr\u00eda (<a href=\"https:\/\/archivo.crub.uncoma.edu.ar\/archivo\/posgrado\/DEPARTAMENTO%20DE%20POSGRADO\/MAESTRIA%20EN%20GESTION%20DE%20LA%20BIODIVERSIDAD\/PRESENTACI%C3%93N%20DE%20TESIS\/GUIA%20PARA%20LA%20ELABORACON%20DEL%20TRABAJO%20DE%20TESIS%20MGB.pdf\" target=\"_blank\" rel=\"noreferrer noopener\">instructivo<\/a>) debe ser enviada por correo electr\u00f3nico con copia al equipo de direcci\u00f3n. La presentaci\u00f3n debe contener los siguientes documentos:<\/p>\n\n\n\n<p>a- Nota elevaci\u00f3n de Tesis en la que solicita adem\u00e1s la conformaci\u00f3n de Jurado firmada por Tesista y equipo de Direcci\u00f3n.<\/p>\n\n\n\n<p>b- Tesis en pdf y en\u00a0Word.\u00a0<\/p>\n\n\n\n<p>c-Resumen de la Tesis con t\u00edtulo de tesis,&nbsp; autor\/a y equipo de Direcci\u00f3n, consignar adem\u00e1s Universidad Nacional del Comahue y a\u00f1o de presentaci\u00f3n<\/p>\n\n\n\n<p>d-&nbsp;Nota de Cesi\u00f3n de Derechos de Autor\u00eda<\/p>\n\n\n\n<p>e- Propuesta de eventuales Jurados y recusados.<\/p>\n\n\n\n<p>Todas las notas van firmadas por el\/la Tesista y equipo de direcci\u00f3n.<\/p>\n\n\n\n<hr class=\"wp-block-separator has-alpha-channel-opacity\"\/>\n\n\n\n<p><a id=\"_msocom_1\"><\/a><\/p>\n\n\n\n<p><a id=\"_msocom_2\"><\/a><\/p>\n\n\n\n<p>&nbsp;<\/p>\n<\/div><\/details><\/div>\n<\/div>\n","protected":false},"excerpt":{"rendered":"","protected":false},"author":1,"featured_media":0,"parent":0,"menu_order":0,"comment_status":"closed","ping_status":"closed","template":"","meta":{"_coblocks_attr":"","_coblocks_dimensions":"","_coblocks_responsive_height":"","_coblocks_accordion_ie_support":"","footnotes":""},"folder":[],"class_list":["post-3782","page","type-page","status-publish","hentry"],"_links":{"self":[{"href":"https:\/\/posgrado.crub.uncoma.edu.ar\/index.php?rest_route=\/wp\/v2\/pages\/3782","targetHints":{"allow":["GET"]}}],"collection":[{"href":"https:\/\/posgrado.crub.uncoma.edu.ar\/index.php?rest_route=\/wp\/v2\/pages"}],"about":[{"href":"https:\/\/posgrado.crub.uncoma.edu.ar\/index.php?rest_route=\/wp\/v2\/types\/page"}],"author":[{"embeddable":true,"href":"https:\/\/posgrado.crub.uncoma.edu.ar\/index.php?rest_route=\/wp\/v2\/users\/1"}],"replies":[{"embeddable":true,"href":"https:\/\/posgrado.crub.uncoma.edu.ar\/index.php?rest_route=%2Fwp%2Fv2%2Fcomments&post=3782"}],"version-history":[{"count":4,"href":"https:\/\/posgrado.crub.uncoma.edu.ar\/index.php?rest_route=\/wp\/v2\/pages\/3782\/revisions"}],"predecessor-version":[{"id":3789,"href":"https:\/\/posgrado.crub.uncoma.edu.ar\/index.php?rest_route=\/wp\/v2\/pages\/3782\/revisions\/3789"}],"wp:attachment":[{"href":"https:\/\/posgrado.crub.uncoma.edu.ar\/index.php?rest_route=%2Fwp%2Fv2%2Fmedia&parent=3782"}],"wp:term":[{"taxonomy":"folder","embeddable":true,"href":"https:\/\/posgrado.crub.uncoma.edu.ar\/index.php?rest_route=%2Fwp%2Fv2%2Ffolder&post=3782"}],"curies":[{"name":"wp","href":"https:\/\/api.w.org\/{rel}","templated":true}]}}