{"id":37,"date":"2020-08-11T12:00:11","date_gmt":"2020-08-11T15:00:11","guid":{"rendered":"https:\/\/posgrado.crub.uncoma.edu.ar\/?page_id=37"},"modified":"2026-04-07T11:37:05","modified_gmt":"2026-04-07T14:37:05","slug":"postulaciones","status":"publish","type":"page","link":"https:\/\/posgrado.crub.uncoma.edu.ar\/?page_id=37","title":{"rendered":"Postulaciones"},"content":{"rendered":"\n<h2 class=\"wp-block-heading has-medium-font-size\"><\/h2>\n\n\n\n<hr class=\"wp-block-separator has-css-opacity is-style-wide\"\/>\n\n\n\n<p class=\"has-medium-font-size\" style=\"font-size:25px\"><strong>PER\u00cdODO DE POSTULACI\u00d3N A LA CARRERA<\/strong><\/p>\n\n\n\n<p class=\"has-text-align-center has-vivid-red-color has-text-color\">Desde el 2 de febrero y hasta el 3 de octubre de 2026<\/p>\n\n\n\n<p class=\"has-text-align-center has-medium-font-size\" style=\"font-size:25px\"><strong>INSTRUCCIONES PARA LA POSTULACI\u00d3N<\/strong><\/p>\n\n\n\n<p class=\"has-text-align-center has-black-color has-text-color\"><strong>Examen de admisi\u00f3n de idioma, art. 4, 5 y 6 Ord. 557\/10.  Debe contarse con el examen rendido para presentar la postulaci\u00f3n.<\/strong><\/p>\n\n\n\n<p><strong>Para la postulaci\u00f3n a la carrera de DOCTORADO EN BIOLOG\u00cdA, el interesado deber\u00e1 presentar la documentaci\u00f3n que se detalla en <a href=\"https:\/\/archivo.crub.uncoma.edu.ar\/archivo\/posgrado\/DEPARTAMENTO%20DE%20POSGRADO\/DOCTORADO%20EN%20BIOLOGIA\/POSTULACIONES\/PRESENTACION%20FORMATO%20DIGITAL\/DB02-InscripcionCarrera-01b2022.doc\" target=\"_blank\" rel=\"noreferrer noopener\">DB02.01<\/a><\/strong><\/p>\n\n\n\n<p class=\"has-black-color has-text-color\">La presentaci\u00f3n se enviar\u00e1 en formato digital a: <a rel=\"noreferrer noopener\" href=\"mailto:doctoradobiologia@gmail.com\" target=\"_blank\">doctoradobiologia@gmail.com<\/a> .<br>Una vez revisada la presentaci\u00f3n, el Departamento de Postgrado dar\u00e1 conformidad y el\/la postulante realizar\u00e1 el env\u00edo en papel a: Mesa de Entradas o env\u00edo postal certificado a Departamento de Postgrado-CRUB UNCo, Quintral 1250 (8400) Bariloche, R\u00edo Negro. Ambas modalidades contendr\u00e1n la misma informaci\u00f3n.<\/p>\n\n\n\n<p><\/p>\n\n\n\n<hr class=\"wp-block-separator has-css-opacity is-style-wide\"\/>\n\n\n\n<h3 class=\"wp-block-heading\">INSTRUCTIVOS PARA LA POSTULACI\u00d3N<\/h3>\n\n\n\n<div style=\"height:20px\" aria-hidden=\"true\" class=\"wp-block-spacer\"><\/div>\n\n\n\n<div class=\"wp-block-coblocks-accordion\">\n<div class=\"wp-block-coblocks-accordion-item\"><details><summary class=\"wp-block-coblocks-accordion-item__title\"><strong>EXAMEN DE INGL\u00c9S<\/strong><\/summary><div class=\"wp-block-coblocks-accordion-item__content\">\n<p class=\"has-text-align-center\"><strong>Se restablecen a partir de 2022 las condiciones expresadas en el Cap\u00edtulo II. Examen de admisi\u00f3n de idioma, art. 4, 5 y 6 Ord. 557\/10. Ello significa que debe contarse con el examen rendido para presentar la postulaci\u00f3n.<\/strong><\/p>\n\n\n\n<p>El examen de ingl\u00e9s para el ingreso al doctorado consta de la interpretaci\u00f3n de un texto acad\u00e9mico por medio de consignas de comprensi\u00f3n. Se debe contestar todo en espa\u00f1ol, pero no se trata de un ejercicio de traducci\u00f3n \u00fanicamente, sino que deber\u00e1n responder consignas como:<\/p>\n\n\n\n<ul class=\"wp-block-list\">\n<li>Verdadero\/ falso<\/li>\n\n\n\n<li>Identificar en qu\u00e9 p\u00e1rrafos se mencionan ciertas ideas<\/li>\n\n\n\n<li>Identificar en qu\u00e9 p\u00e1rrafos se responden ciertas preguntas<\/li>\n\n\n\n<li>Responder preguntas<\/li>\n\n\n\n<li>Comparar la problem\u00e1tica planteada en el texto con alguna problem\u00e1tica de la zona<\/li>\n\n\n\n<li>Comparar informaci\u00f3n del texto con informaci\u00f3n de alg\u00fan fragmento de otro texto<\/li>\n\n\n\n<li>Identificar ideas de soporte a la idea central dentro del p\u00e1rrafo<\/li>\n\n\n\n<li>Completar ideas parafraseadas del texto<\/li>\n\n\n\n<li>Comparar posturas de autores en cuanto a ciertos enunciados<\/li>\n<\/ul>\n\n\n\n<p>Los textos acad\u00e9micos son seleccionados por los directores de las carreras junto con la docente de ingl\u00e9s. Son textos que desarrollan tem\u00e1ticas relevantes con respecto a los cursos y problem\u00e1ticas que van a abordar durante el posgrado.<\/p>\n\n\n\n<p>Si bien se puede utilizar el diccionario online, el abuso de herramientas tecnol\u00f3gicas es penalizado. El examen dura 2 hs y se realiza por medio de la plataforma PEDCO. Para aprobar se requiere obtener un 70\/100<\/p>\n\n\n\n<p>Para el caso de postulantes extranjeros no hispano hablantes se exigir\u00e1, adem\u00e1s del examen de idioma ingl\u00e9s, un examen de suficiencia de idioma castellano(Art. 6\u00ba, ORD 557\/10). Para ello deber\u00e1 ingresar a:&nbsp;<a href=\"http:\/\/www.celu.edu.ar\/\">http:\/\/www.celu.edu.ar<\/a><\/p>\n\n\n\n<p>Dado que este examen es un requisito para la tramitaci\u00f3n de la postulaci\u00f3n al Doctorado, se recomienda enf\u00e1ticamente cumplir con este requisito con la debida anticipaci\u00f3n.<\/p>\n\n\n\n<p>El examen una vez aprobado tiene una validez de 5 (cinco) a\u00f1os.<\/p>\n\n\n\n<p class=\"has-text-align-center has-black-color has-text-color has-georgia-font-family has-custom-font\" style=\"font-family:Georgia\"><strong>PR\u00d3XIMA MESA DE EXAMEN VIRTUAL POR PLATAFORMA PEDCO<\/strong><\/p>\n\n\n\n<p class=\"has-text-align-center has-black-color has-pale-cyan-blue-background-color has-text-color has-background\"><strong> 12 de JUNIO DE 2026<\/strong> &#8211; <strong>8:00 hs. <\/strong><\/p>\n\n\n\n<p class=\"has-black-color has-text-color\">Per\u00edodo de inscripciones: Hasta el 7 de junio de 2026<\/p>\n\n\n\n<p>Para inscribirse:<\/p>\n\n\n\n<p>1 &#8211; Completar la preinscripci\u00f3n al SIU <a rel=\"noreferrer noopener\" href=\"https:\/\/siuguarani.uncoma.edu.ar\/index.php\/centro-regional-bariloche\" target=\"_blank\">aqu\u00ed<\/a> y enviar el formulario a <a href=\"doctoradobiologia@gmail.com\" target=\"_blank\" rel=\"noreferrer noopener\">doctoradobiolog\u00eda@gmail.com<\/a>. Una vez recibido el OK del Dto Postgrado,<\/p>\n\n\n\n<p>2 &#8211; Completar la planilla de inscripci\u00f3n <a href=\"https:\/\/docs.google.com\/forms\/d\/e\/1FAIpQLSez9IdiD2eWUyr-zOHuzL3-t4n-tfvRooulsWdT8UNxTC1RVA\/viewform?embedded=true\" target=\"_blank\" rel=\"noreferrer noopener\">aqu\u00ed<\/a><\/p>\n\n\n\n<p>Una vez finalizado el per\u00edodo de inscripci\u00f3n, se confirmar\u00e1 por email a los inscriptos y se les brindar\u00e1 acceso a la Plataforma.&nbsp;<\/p>\n\n\n\n<p>1-Consultas relacionadas con la inscripci\u00f3n:&nbsp;<a rel=\"noreferrer noopener\" href=\"mailto:doctoradobiologia@gmail.com\" target=\"_blank\">doctoradobiologia@gmail.com<\/a><\/p>\n\n\n\n<p>2-Consultas relacionadas con el examen: ser\u00e1n contestadas por medio del foro creado en el aula<\/p>\n<\/div><\/details><\/div>\n<\/div>\n\n\n\n<div class=\"wp-block-coblocks-accordion\">\n<div class=\"wp-block-coblocks-accordion-item\"><details><summary class=\"wp-block-coblocks-accordion-item__title\"><strong>PRESENTACI\u00d3N EN FORMATO DIGITAL<\/strong><\/summary><div class=\"wp-block-coblocks-accordion-item__content\">\n<p>1) COMPLETAR E IMPRIMIR EL FORMULARIO DE PREINSCRIPCI\u00d3N AQU\u00cd: <a href=\"https:\/\/siuguarani.uncoma.edu.ar\/index.php\/centro-regional-bariloche\/\">https:\/\/siuguarani.uncoma.edu.ar\/index.php\/centro-regional-bariloche\/<\/a><\/p>\n\n\n\n<p>FORMULARIOS A DESCARGAR: <a href=\"https:\/\/archivo.crub.uncoma.edu.ar\/archivo\/posgrado\/DEPARTAMENTO%20DE%20POSGRADO\/DOCTORADO%20EN%20BIOLOGIA\/POSTULACIONES\/PRESENTACION%20FORMATO%20DIGITAL\/DB02-InscripcionCarrera-01b2022.doc\" target=\"_blank\" rel=\"noreferrer noopener\">DB02<\/a>; <a href=\"https:\/\/archivo.crub.uncoma.edu.ar\/archivo\/posgrado\/DEPARTAMENTO%20DE%20POSGRADO\/DOCTORADO%20EN%20BIOLOGIA\/POSTULACIONES\/PRESENTACION%20FORMATO%20DIGITAL\/CONFORMIDAD%20INSTITUCIONAL-modelo%20sugerido.doc\" target=\"_blank\" rel=\"noreferrer noopener\">DB04<\/a>; <a rel=\"noreferrer noopener\" href=\"https:\/\/archivo.crub.uncoma.edu.ar\/archivo\/posgrado\/DEPARTAMENTO%20DE%20POSGRADO\/DOCTORADO%20EN%20BIOLOGIA\/POSTULACIONES\/PRESENTACION%20FORMATO%20DIGITAL\/DB09-Caratula-02.doc\" target=\"_blank\">DB09<\/a>; <a rel=\"noreferrer noopener\" href=\"https:\/\/archivo.crub.uncoma.edu.ar\/archivo\/posgrado\/DEPARTAMENTO%20DE%20POSGRADO\/DOCTORADO%20EN%20BIOLOGIA\/POSTULACIONES\/PRESENTACION%20FORMATO%20DIGITAL\/DB08-ExcepcionTitulo-01.doc\" target=\"_blank\">DB08<\/a>; <a rel=\"noreferrer noopener\" href=\"https:\/\/archivo.crub.uncoma.edu.ar\/archivo\/posgrado\/DEPARTAMENTO%20DE%20POSGRADO\/DOCTORADO%20EN%20BIOLOGIA\/POSTULACIONES\/PRESENTACION%20FORMATO%20DIGITAL\/DB07a-ConformidadDirector.doc\" target=\"_blank\">DB07<\/a>; <a rel=\"noreferrer noopener\" href=\"https:\/\/archivo.crub.uncoma.edu.ar\/archivo\/posgrado\/DEPARTAMENTO%20DE%20POSGRADO\/DOCTORADO%20EN%20BIOLOGIA\/POSTULACIONES\/PRESENTACION%20FORMATO%20DIGITAL\/DB07b-ConformidadCodirector.doc\" target=\"_blank\">DB07 bis<\/a>; <a rel=\"noreferrer noopener\" href=\"https:\/\/archivo.crub.uncoma.edu.ar\/archivo\/posgrado\/DEPARTAMENTO%20DE%20POSGRADO\/DOCTORADO%20EN%20BIOLOGIA\/POSTULACIONES\/PRESENTACION%20FORMATO%20DIGITAL\/DB05-PosiblesEvaluadores-01.doc\" target=\"_blank\">DB05<\/a>; <a rel=\"noreferrer noopener\" href=\"https:\/\/archivo.crub.uncoma.edu.ar\/archivo\/posgrado\/DEPARTAMENTO%20DE%20POSGRADO\/DOCTORADO%20EN%20BIOLOGIA\/POSTULACIONES\/PRESENTACION%20FORMATO%20DIGITAL\/DB06-RecusacionEvaluadoresProyecto-01.doc\" target=\"_blank\">DB06<\/a> . <\/p>\n\n\n\n<p><\/p>\n<\/div><\/details><\/div>\n<\/div>\n\n\n\n<div class=\"wp-block-coblocks-accordion\">\n<div class=\"wp-block-coblocks-accordion-item\"><details><summary class=\"wp-block-coblocks-accordion-item__title\"><strong>PRESENTACI\u00d3N EN PAPEL<\/strong><\/summary><div class=\"wp-block-coblocks-accordion-item__content\">\n<p>Para la postulaci\u00f3n a la carrera de DOCTORADO EN BIOLOG\u00cdA, el interesado deber\u00e1 presentar la documentaci\u00f3n que se detalla en <a href=\"https:\/\/archivo.crub.uncoma.edu.ar\/archivo\/posgrado\/DEPARTAMENTO%20DE%20POSGRADO\/DOCTORADO%20EN%20BIOLOGIA\/POSTULACIONES\/PRESENTACION%20FORMATO%20DIGITAL\/DB02-InscripcionCarrera-01b2022.doc\">DB02.01<\/a> de la siguiente forma:<br>Todas las hojas deben estar perforadas en forma individual y encarpetadas en carpeta cart\u00f3n tama\u00f1o oficio color rosa, con broche \u201ctipo Nepaco\u201d (incluido a la carpeta), numeradas en forma consecutiva.<br>La carpeta deber\u00e1 estar caratulada con el formulario DB09.01 (pegado a la tapa de la carpeta)<br>La carpeta debe presentarse por Mesa de Entradas del CRUB o enviarse por correo postal certificado a: Depto. Postgrado CRUB. Quintral 1250- 8400 Bariloche, RN<\/p>\n<\/div><\/details><\/div>\n\n\n\n<div class=\"wp-block-coblocks-accordion-item\"><\/div>\n<\/div>\n\n\n\n<div class=\"wp-block-coblocks-accordion\">\n<div class=\"wp-block-coblocks-accordion-item\"><details><summary class=\"wp-block-coblocks-accordion-item__title\"><strong>SOBRE LOS PROCEDIMIENTOS<\/strong><\/summary><div class=\"wp-block-coblocks-accordion-item__content\">\n<ul class=\"wp-block-list\">\n<li>Una vez recibida la carpeta, el Depto. de Postgrado supervisa en primera instancia, si la documentaci\u00f3n presentada est\u00e1 completa. <\/li>\n\n\n\n<li>Si cumple con todos los aspectos de forma, es ingresada a la Comisi\u00f3n de Doctorado para su tratamiento, de acuerdo al calendario acad\u00e9mico, quien analiza aspectos acad\u00e9micos.<\/li>\n\n\n\n<li>Si la presentaci\u00f3n no es observada por la Comisi\u00f3n , se pasa a la instancia de evaluaci\u00f3n del proyecto.<\/li>\n<\/ul>\n<\/div><\/details><\/div>\n<\/div>\n\n\n\n<div class=\"wp-block-coblocks-accordion\">\n<div class=\"wp-block-coblocks-accordion-item\"><details><summary class=\"wp-block-coblocks-accordion-item__title\"><strong>SOBRE LA EVALUACI\u00d3N DEL PROYECTO<\/strong><\/summary><div class=\"wp-block-coblocks-accordion-item__content\">\n<p>La Comisi\u00f3n designar\u00e1 pares evaluadores que analizar\u00e1n el proyecto en un plazo de 30 d\u00edas.<\/p>\n\n\n\n<p>Una vez recibidas las evaluaciones, las mismas ingresan a la Comisi\u00f3n a fin de resolver la aceptaci\u00f3n del proyecto, su reformulaci\u00f3n o su rechazo. Si el proyecto es aceptado, se emitir\u00e1 el ACTA DE ADMISI\u00d3N correspondiente. El Depto. de Postgrado enviar\u00e1 el Acta y las evaluaciones, e informar\u00e1 al interesado y equipo de direcci\u00f3n propuesto la forma y modalidad de pago de la matr\u00edcula de inscripci\u00f3n vigente.<\/p>\n\n\n\n<p>En caso que el proyecto deba ser reformulado, se notificar\u00e1 al interesado y equipo de direcci\u00f3n. El proyecto reformulado se env\u00eda nuevamente a los evaluadores. Las re-evaluaciones ingresan a la Comisi\u00f3n para su resoluci\u00f3n.<\/p>\n<\/div><\/details><\/div>\n<\/div>\n\n\n\n<div class=\"wp-block-coblocks-accordion\">\n<div class=\"wp-block-coblocks-accordion-item\"><details><summary class=\"wp-block-coblocks-accordion-item__title\"><strong>MATR\u00cdCULA DE INSCRIPCI\u00d3N<\/strong><\/summary><div class=\"wp-block-coblocks-accordion-item__content\">\n<p class=\"has-text-align-center\"><strong>Valor de la matr\u00edcula a partir del 11 de diciembre de 2025: $ 150.000 <\/strong><\/p>\n\n\n\n<p class=\"has-text-align-center\">Actualizaci\u00f3n cuatrimestral seg\u00fan I.P.C. <\/p>\n\n\n\n<p>Una vez emitida el Acta de Admisi\u00f3n, el Depto. de Postgrado comunicar\u00e1 el plazo y modalidad de pago. La matr\u00edcula se establece en el Consejo Directivo del CRUB a propuesta de la Comisi\u00f3n Acad\u00e9mica. (Resol. CD CRUB N\u00ba858\/24)<\/p>\n<\/div><\/details><\/div>\n<\/div>\n\n\n\n<div class=\"wp-block-coblocks-accordion\">\n<div class=\"wp-block-coblocks-accordion-item\"><details><summary class=\"wp-block-coblocks-accordion-item__title\"><strong>T\u00cdTULO DE GRADO EXPEDIDO POR UNIVERSIDAD EXTRANJERA<\/strong><\/summary><div class=\"wp-block-coblocks-accordion-item__content\">\n<p>Todo T\u00edtulo, Diploma y Certificado Anal\u00edtico expedido por una Universidad extranjera, deber\u00e1 contener autenticadas las firmas correspondientes de acuerdo al siguiente detalle:<\/p>\n\n\n\n<ol style=\"list-style-type:lower-alpha\" class=\"wp-block-list\">\n<li>La de las autoridades que expiden el Diploma: por el Ministerio de Educaci\u00f3n del Pa\u00eds al que pertenece la Universidad.<\/li>\n\n\n\n<li>La del Ministerio de Relaciones Exteriores del Pa\u00eds de origen: por el representante consular argentino que corresponda, complet\u00e1ndose con la del Ministerio de Relaciones Exteriores en la Rep\u00fablica Argentina<\/li>\n\n\n\n<li>A partir del 1\u00ba de Diciembre 2003, entr\u00f3 en vigencia el convenio suscripto entre la Canciller\u00eda y el Consejo Federal del Notariado Argentino mediante el cual se faculta a los colegios de escribanos de la Rep\u00fablica Argentina a legalizar bajo el sistema de apostille, la totalidad de documentos p\u00fablicos que prev\u00e9 el Art\u00edculo 1\u00ba de la convenci\u00f3n de La Haya del a\u00f1o 1961, comprendiendo a los pa\u00edses que firmaron el Convenio de La Haya que contempla la eliminaci\u00f3n del Requisito de la Legalizaci\u00f3n de Documentos P\u00fablicos Extranjeros, <strong>reemplaz\u00e1ndolos por el mencionado apostillado<\/strong>.-<\/li>\n\n\n\n<li>La documentaci\u00f3n que se encuentre en idioma extranjero, ser\u00e1 acompa\u00f1ada de su traducci\u00f3n correspondiente, efectuada por Traductor P\u00fablico Nacional.-<\/li>\n<\/ol>\n<\/div><\/details><\/div>\n<\/div>\n\n\n\n<div class=\"wp-block-coblocks-accordion\">\n<div class=\"wp-block-coblocks-accordion-item\"><\/div>\n<\/div>\n\n\n\n<p><\/p>\n","protected":false},"excerpt":{"rendered":"<p>PER\u00cdODO DE POSTULACI\u00d3N A LA CARRERA Desde el 2 de febrero y hasta el 3 de octubre de 2026 INSTRUCCIONES PARA LA POSTULACI\u00d3N Examen de admisi\u00f3n de idioma, art. 4, &#8230;<\/p>\n","protected":false},"author":1,"featured_media":0,"parent":0,"menu_order":0,"comment_status":"closed","ping_status":"closed","template":"","meta":{"_coblocks_attr":"Ubuntu,Barlow,Georgia","_coblocks_dimensions":"","_coblocks_responsive_height":"","_coblocks_accordion_ie_support":"","footnotes":""},"folder":[],"class_list":["post-37","page","type-page","status-publish","hentry"],"_links":{"self":[{"href":"https:\/\/posgrado.crub.uncoma.edu.ar\/index.php?rest_route=\/wp\/v2\/pages\/37","targetHints":{"allow":["GET"]}}],"collection":[{"href":"https:\/\/posgrado.crub.uncoma.edu.ar\/index.php?rest_route=\/wp\/v2\/pages"}],"about":[{"href":"https:\/\/posgrado.crub.uncoma.edu.ar\/index.php?rest_route=\/wp\/v2\/types\/page"}],"author":[{"embeddable":true,"href":"https:\/\/posgrado.crub.uncoma.edu.ar\/index.php?rest_route=\/wp\/v2\/users\/1"}],"replies":[{"embeddable":true,"href":"https:\/\/posgrado.crub.uncoma.edu.ar\/index.php?rest_route=%2Fwp%2Fv2%2Fcomments&post=37"}],"version-history":[{"count":68,"href":"https:\/\/posgrado.crub.uncoma.edu.ar\/index.php?rest_route=\/wp\/v2\/pages\/37\/revisions"}],"predecessor-version":[{"id":3767,"href":"https:\/\/posgrado.crub.uncoma.edu.ar\/index.php?rest_route=\/wp\/v2\/pages\/37\/revisions\/3767"}],"wp:attachment":[{"href":"https:\/\/posgrado.crub.uncoma.edu.ar\/index.php?rest_route=%2Fwp%2Fv2%2Fmedia&parent=37"}],"wp:term":[{"taxonomy":"folder","embeddable":true,"href":"https:\/\/posgrado.crub.uncoma.edu.ar\/index.php?rest_route=%2Fwp%2Fv2%2Ffolder&post=37"}],"curies":[{"name":"wp","href":"https:\/\/api.w.org\/{rel}","templated":true}]}}