{"id":302,"date":"2020-11-06T10:17:19","date_gmt":"2020-11-06T13:17:19","guid":{"rendered":"https:\/\/posgrado.crub.uncoma.edu.ar\/?page_id=302"},"modified":"2026-03-04T09:48:12","modified_gmt":"2026-03-04T12:48:12","slug":"asignaturas","status":"publish","type":"page","link":"https:\/\/posgrado.crub.uncoma.edu.ar\/?page_id=302","title":{"rendered":"Asignaturas"},"content":{"rendered":"\n<h2 class=\"wp-block-heading\">1\u00ba cuatrimestre 2026<\/h2>\n\n\n\n<p><strong>Inicio de cursado:  9 de marzo   Finalizaci\u00f3n: 4 de julio <\/strong><br><strong><a href=\"https:\/\/siupcrub.uncoma.edu.ar\/pbariloche\/\" target=\"_blank\" rel=\"noreferrer noopener\">Inscripci\u00f3n en SIU Guaran\u00ed<\/a><\/strong>: del 2 de febrero al 1\u00ba de marzo de 2026<\/p>\n\n\n\n<div class=\"wp-block-coblocks-accordion\">\n<div class=\"wp-block-coblocks-accordion-item\"><details><summary class=\"wp-block-coblocks-accordion-item__title\"><strong>Dise\u00f1o experimental y desarrollo de proyectos en ecolog\u00eda<\/strong><\/summary><div class=\"wp-block-coblocks-accordion-item__content\">\n<p>Modalidad de dictado: PRESENCIALIDAD F\u00cdSICA (presencialidad convencional): se desarrolla en edificios e instalaciones institucionales<br><br><a href=\"https:\/\/archivo.crub.uncoma.edu.ar\/archivo\/posgrado\/DEPARTAMENTO%20DE%20POSGRADO\/DOCTORADO%20EN%20BIOLOGIA\/ASIGNATURAS\/2026\/DISE%C3%91O%20EXPERIMENTAL\/2026-DBI-%20Diseno%20experimental%20y%20desarrollo%20de%20proyectos%20en%20ecologia-%20PROGRAMA%20ASIG.pdf\" target=\"_blank\" rel=\"noreferrer noopener\">Programa<\/a> <a href=\"https:\/\/archivo.crub.uncoma.edu.ar\/archivo\/posgrado\/DEPARTAMENTO%20DE%20POSGRADO\/DOCTORADO%20EN%20BIOLOGIA\/ASIGNATURAS\/2026\/DISE%C3%91O%20EXPERIMENTAL\/2026-DBI-Diseno%20experimental%20y%20desarrollo%20de%20proyectos%20en%20ecologia-CVs.pdf\" target=\"_blank\" rel=\"noreferrer noopener\">CVs docentes<\/a><\/p>\n<\/div><\/details><\/div>\n<\/div>\n\n\n\n<div class=\"wp-block-coblocks-accordion\">\n<div class=\"wp-block-coblocks-accordion-item\"><details><summary class=\"wp-block-coblocks-accordion-item__title\"><strong>Biolog\u00eda de peces<\/strong><\/summary><div class=\"wp-block-coblocks-accordion-item__content\">\n<p>Modalidad de dictado: PRESENCIALIDAD F\u00cdSICA (presencialidad convencional): se desarrolla en edificios e instalaciones institucionales<br><br><a href=\"https:\/\/archivo.crub.uncoma.edu.ar\/archivo\/posgrado\/DEPARTAMENTO%20DE%20POSGRADO\/DOCTORADO%20EN%20BIOLOGIA\/ASIGNATURAS\/2026\/BIOLOGIA%20DE%20PECES\/2026-DBI-BiologIa%20de%20Peces-%20PROGRAMA%20ASIG%20FIRMADO.pdf\" target=\"_blank\" rel=\"noreferrer noopener\">Programa<\/a> <a href=\"https:\/\/archivo.crub.uncoma.edu.ar\/archivo\/posgrado\/DEPARTAMENTO%20DE%20POSGRADO\/DOCTORADO%20EN%20BIOLOGIA\/ASIGNATURAS\/2026\/BIOLOGIA%20DE%20PECES\/2026-DBI-Biologia%20de%20Peces-CVs%20ASIG.pdf\" target=\"_blank\" rel=\"noreferrer noopener\">CVs docentes<\/a><\/p>\n<\/div><\/details><\/div>\n<\/div>\n\n\n\n<div class=\"wp-block-coblocks-accordion\">\n<div class=\"wp-block-coblocks-accordion-item\"><details><summary class=\"wp-block-coblocks-accordion-item__title\"><strong>Limnolog\u00eda<\/strong><\/summary><div class=\"wp-block-coblocks-accordion-item__content\">\n<p>Modalidad de dictado: PRESENCIALIDAD F\u00cdSICA (presencialidad convencional): se desarrolla en edificios e instalaciones institucionales. <\/p>\n\n\n\n<p><a href=\"https:\/\/archivo.crub.uncoma.edu.ar\/archivo\/posgrado\/DEPARTAMENTO%20DE%20POSGRADO\/DOCTORADO%20EN%20BIOLOGIA\/ASIGNATURAS\/2026\/LIMNO\/2026-DBI-Limnologia-%20PROGRAMA%20ASIG.pdf\" target=\"_blank\" rel=\"noreferrer noopener\">Programa<\/a> <a href=\"https:\/\/archivo.crub.uncoma.edu.ar\/archivo\/posgrado\/DEPARTAMENTO%20DE%20POSGRADO\/DOCTORADO%20EN%20BIOLOGIA\/ASIGNATURAS\/2026\/LIMNO\/2026-DBI-Limnologia-CVs%20ASIG.pdf\" target=\"_blank\" rel=\"noreferrer noopener\">CVs docentes<\/a><\/p>\n<\/div><\/details><\/div>\n<\/div>\n\n\n\n<div class=\"wp-block-coblocks-accordion\">\n<div class=\"wp-block-coblocks-accordion-item\"><details><summary class=\"wp-block-coblocks-accordion-item__title\"><strong>Nutrici\u00f3n y alimentaci\u00f3n de peces<\/strong><\/summary><div class=\"wp-block-coblocks-accordion-item__content\">\n<p>Modalidad de dictado: PRESENCIALIDAD F\u00cdSICA (presencialidad convencional): se desarrolla en edificios e instalaciones institucionales. <\/p>\n\n\n\n<p><a href=\"https:\/\/archivo.crub.uncoma.edu.ar\/archivo\/posgrado\/DEPARTAMENTO%20DE%20POSGRADO\/DOCTORADO%20EN%20BIOLOGIA\/ASIGNATURAS\/2026\/NUTRICION%20Y%20ALIMENTACION%20DE%20PECES\/2026-DBI-NUTRICION%20Y%20ALIMENTACION%20DE%20PECES-%20PROGRAMA%20ASIG.pdf\" target=\"_blank\" rel=\"noreferrer noopener\">Programa<\/a> <a href=\"sftp:\/\/docbiologia@170.210.80.116\/var\/www\/html\/archivo\/posgrado\/DEPARTAMENTO%20DE%20POSGRADO\/DOCTORADO%20EN%20BIOLOGIA\/ASIGNATURAS\/2026\/NUTRICION%20Y%20ALIMENTACION%20DE%20PECES\/2026-DBI-NUTRICION%20Y%20ALIMENTACION%20DE%20PECES-CVs%20ASIG.pdf\" target=\"_blank\" rel=\"noreferrer noopener\">CVs docentes<\/a><\/p>\n<\/div><\/details><\/div>\n<\/div>\n\n\n\n<div class=\"wp-block-coblocks-accordion\">\n<div class=\"wp-block-coblocks-accordion-item\"><details><summary class=\"wp-block-coblocks-accordion-item__title\"><strong>Gen\u00e9tica de la Conservaci\u00f3n<\/strong><\/summary><div class=\"wp-block-coblocks-accordion-item__content\">\n<p>Modalidad de dictado: PRESENCIALIDAD F\u00cdSICA (presencialidad convencional): se desarrolla en edificios e instalaciones institucionales. <\/p>\n\n\n\n<p><a href=\"https:\/\/archivo.crub.uncoma.edu.ar\/archivo\/posgrado\/DEPARTAMENTO%20DE%20POSGRADO\/DOCTORADO%20EN%20BIOLOGIA\/ASIGNATURAS\/2026\/GENETICA%20DE%20LA%20CONSERVACI%C3%93N\/2026-DBI-Gen%C3%A9tica%20de%20la%20Conservaci%C3%B3n-%20PROGRAMA%20ASIGnatura.pdf\" target=\"_blank\" rel=\"noreferrer noopener\">Programa<\/a> <a href=\"https:\/\/archivo.crub.uncoma.edu.ar\/archivo\/posgrado\/DEPARTAMENTO%20DE%20POSGRADO\/DOCTORADO%20EN%20BIOLOGIA\/ASIGNATURAS\/2026\/GENETICA%20DE%20LA%20CONSERVACI%C3%93N\/2026-DBI-Gen%C3%A9tica%20de%20la%20Conservaci%C3%B3n-CVs%20ASIG.pdf\" target=\"_blank\" rel=\"noreferrer noopener\">CVs docentes<\/a><\/p>\n<\/div><\/details><\/div>\n<\/div>\n\n\n\n<div class=\"wp-block-coblocks-accordion\">\n<div class=\"wp-block-coblocks-accordion-item\"><details><summary class=\"wp-block-coblocks-accordion-item__title\"><strong>Bases y aplicaciones de la micolog\u00eda<\/strong><\/summary><div class=\"wp-block-coblocks-accordion-item__content\">\n<p>Modalidad de dictado: PRESENCIALIDAD F\u00cdSICA (presencialidad convencional): se desarrolla en edificios e instalaciones institucionales. <\/p>\n\n\n\n<p>Programa CVs docentes<\/p>\n<\/div><\/details><\/div>\n<\/div>\n\n\n\n<div class=\"wp-block-coblocks-accordion\">\n<div class=\"wp-block-coblocks-accordion-item\"><details><summary class=\"wp-block-coblocks-accordion-item__title\"><strong>Ecolog\u00eda de comunidades<\/strong><\/summary><div class=\"wp-block-coblocks-accordion-item__content\">\n<p>Modalidad de dictado: Presencialidad combinada: se desarrolla al mismo tiempo de manera combinada en edificios, instalaciones y entornos virtuales institucionales.<\/p>\n\n\n\n<p>Programa <a href=\"https:\/\/archivo.crub.uncoma.edu.ar\/archivo\/posgrado\/DEPARTAMENTO%20DE%20POSGRADO\/DOCTORADO%20EN%20BIOLOGIA\/ASIGNATURAS\/2026\/ECOLOGIA%20DE%20COMUNIDADES\/2026-DBI-Ecolog%C3%ADa%20de%20Comunidades-CVs%20ASIG.pdf\" target=\"_blank\" rel=\"noreferrer noopener\">CVs docentes<\/a><\/p>\n<\/div><\/details><\/div>\n<\/div>\n\n\n\n<div class=\"wp-block-coblocks-accordion\">\n<div class=\"wp-block-coblocks-accordion-item\"><details><summary class=\"wp-block-coblocks-accordion-item__title\"><strong>Ecolog\u00eda de poblaciones <\/strong><\/summary><div class=\"wp-block-coblocks-accordion-item__content\">\n<p>Modalidad de dictado: PRESENCIALIDAD F\u00cdSICA (presencialidad convencional): se desarrolla en edificios e instalaciones institucionales.<\/p>\n\n\n\n<p>Programa <a href=\"https:\/\/archivo.crub.uncoma.edu.ar\/archivo\/posgrado\/DEPARTAMENTO%20DE%20POSGRADO\/DOCTORADO%20EN%20BIOLOGIA\/ASIGNATURAS\/2026\/ECOLOGIA%20DE%20POBLACIONES%20-ASIG\/2026-DBI-Ecolog%C3%ADa%20de%20poblaciones-CVs.pdf\" target=\"_blank\" rel=\"noreferrer noopener\">CVs docentes<\/a><\/p>\n<\/div><\/details><\/div>\n<\/div>\n\n\n\n<h2 class=\"wp-block-heading\">2\u00ba cuatrimestre 2026<br><\/h2>\n\n\n\n<p><strong>Inicio de cursado:  10 de agosto   Finalizaci\u00f3n: 28 de noviembre <\/strong><br><strong><a href=\"https:\/\/siupcrub.uncoma.edu.ar\/pbariloche\/\" target=\"_blank\" rel=\"noreferrer noopener\">Inscripci\u00f3n en SIU Guaran\u00ed<\/a><\/strong>: del 2 de febrero al 2 de agosto de 2026<\/p>\n\n\n\n<p class=\"has-small-font-size\" style=\"font-size:20px\"><\/p>\n\n\n\n<div class=\"wp-block-coblocks-accordion\">\n<div class=\"wp-block-coblocks-accordion-item\"><details><summary class=\"wp-block-coblocks-accordion-item__title\"><strong>Salmonicultura<\/strong><\/summary><div class=\"wp-block-coblocks-accordion-item__content\">\n<p>Modalidad de dictado: PRESENCIALIDAD F\u00cdSICA (presencialidad convencional): se desarrolla en edificios e instalaciones institucionales. <\/p>\n\n\n\n<p><a href=\"https:\/\/archivo.crub.uncoma.edu.ar\/archivo\/posgrado\/DEPARTAMENTO%20DE%20POSGRADO\/DOCTORADO%20EN%20BIOLOGIA\/ASIGNATURAS\/2026\/SALMONICULTURA\/2026-DBI-Salmonicultura-%20programa%20definitivo.pdf\" target=\"_blank\" rel=\"noreferrer noopener\">Programa<\/a> <a href=\"https:\/\/archivo.crub.uncoma.edu.ar\/archivo\/posgrado\/DEPARTAMENTO%20DE%20POSGRADO\/DOCTORADO%20EN%20BIOLOGIA\/ASIGNATURAS\/2026\/SALMONICULTURA\/2026-DBI-Salmonicultura-CVs%20ASIG.pdf\" target=\"_blank\" rel=\"noreferrer noopener\">CVs docentes<\/a><\/p>\n<\/div><\/details><\/div>\n<\/div>\n\n\n\n<div class=\"wp-block-coblocks-accordion\">\n<div class=\"wp-block-coblocks-accordion-item\"><details><summary class=\"wp-block-coblocks-accordion-item__title\"><strong>Ecolog\u00eda de las interacciones planta animal<\/strong><\/summary><div class=\"wp-block-coblocks-accordion-item__content\">\n<p>Modalidad de dictado: PRESENCIALIDAD F\u00cdSICA (presencialidad convencional): se desarrolla en edificios e instalaciones institucionales. <\/p>\n\n\n\n<p><a href=\"https:\/\/archivo.crub.uncoma.edu.ar\/archivo\/posgrado\/DEPARTAMENTO%20DE%20POSGRADO\/DOCTORADO%20EN%20BIOLOGIA\/ASIGNATURAS\/2026\/ECO%20Planta-animal\/2026-DBI-Ecologia%20de%20las%20Interacciones%20Planta-Animal-%20PROGRAMA%20ASIG.pdf\" target=\"_blank\" rel=\"noreferrer noopener\">Programa<\/a> <a href=\"https:\/\/archivo.crub.uncoma.edu.ar\/archivo\/posgrado\/DEPARTAMENTO%20DE%20POSGRADO\/DOCTORADO%20EN%20BIOLOGIA\/ASIGNATURAS\/2026\/ECO%20Planta-animal\/2026-DBI-CVs.pdf\" target=\"_blank\" rel=\"noreferrer noopener\">CVs docentes<\/a><\/p>\n<\/div><\/details><\/div>\n<\/div>\n\n\n\n<div class=\"wp-block-coblocks-accordion\">\n<div class=\"wp-block-coblocks-accordion-item\"><details><summary class=\"wp-block-coblocks-accordion-item__title\"><strong>Biodiversidad y ecolog\u00eda de artr\u00f3podos andino-patag\u00f3nicos<\/strong><\/summary><div class=\"wp-block-coblocks-accordion-item__content\">\n<p>Modalidad de dictado: PRESENCIALIDAD F\u00cdSICA (presencialidad convencional): se desarrolla en edificios e instalaciones institucionales. <\/p>\n\n\n\n<p><a href=\"https:\/\/archivo.crub.uncoma.edu.ar\/archivo\/posgrado\/DEPARTAMENTO%20DE%20POSGRADO\/DOCTORADO%20EN%20BIOLOGIA\/ASIGNATURAS\/2026\/BIOD%20Y%20ECOLOGIA%20DE%20ARTROPODOS%20A-P\/2026-DBI-Biodiversidad%20y%20ecologia%20de%20artropodos%20andino%20patagonicos-%20PROGRAMA%20ASIG.pdf\" target=\"_blank\" rel=\"noreferrer noopener\">Programa<\/a> <a href=\"https:\/\/archivo.crub.uncoma.edu.ar\/archivo\/posgrado\/DEPARTAMENTO%20DE%20POSGRADO\/DOCTORADO%20EN%20BIOLOGIA\/ASIGNATURAS\/2026\/BIOD%20Y%20ECOLOGIA%20DE%20ARTROPODOS%20A-P\/2026-DBI-Biodiversidad%20y%20ecologia%20de%20artropodos%20andino%20patagonicos-CVs%20ASIG.pdf\" target=\"_blank\" rel=\"noreferrer noopener\">CVs docentes<\/a><\/p>\n<\/div><\/details><\/div>\n<\/div>\n\n\n\n<div class=\"wp-block-group\"><div class=\"wp-block-group__inner-container is-layout-flow wp-block-group-is-layout-flow\"><\/div><\/div>\n\n\n\n<div class=\"wp-block-buttons is-layout-flex wp-block-buttons-is-layout-flex\">\n<div class=\"wp-block-button has-custom-width wp-block-button__width-50 is-style-fill\"><a class=\"wp-block-button__link wp-element-button\" href=\"https:\/\/forms.gle\/MDTf1LYArnMKq6c78\" target=\"_blank\" rel=\"noreferrer noopener\">PARA DOCENTES: PRESENTACI\u00d3N DE ASIGNATURAS EN ESTE LINK<\/a><\/div>\n<\/div>\n\n\n\n<hr class=\"wp-block-separator alignwide has-alpha-channel-opacity\"\/>\n\n\n\n<p><\/p>\n\n\n\n<h3 class=\"wp-block-heading\">ASIGNATURAS 2025<\/h3>\n\n\n\n<p>Dise\u00f1o Experimental y desarrollo de proyectos en ecolog\u00eda<br>Ecolog\u00eda de poblaciones<br>Gen\u00e9tica de poblaciones<br>Limnolog\u00eda<br>Bases y aplicaciones de la micolog\u00eda<br>Nutrici\u00f3n y alimentaci\u00f3n de peces<br>Ecolog\u00eda de las interacciones planta animal<br>Biogeograf\u00eda<br>Ecolog\u00eda Aplicada<br>Ecolog\u00eda de paisajes<br>Geolog\u00eda ambiental<br>Modelos en ecolog\u00eda<br>Biolog\u00eda y diversidad de algas y biofritas<br>Biodiversidad y ecolog\u00eda de artr\u00f3podos andino-patag\u00f3nicos<\/p>\n\n\n\n<h3 class=\"wp-block-heading\">ASIGNATURAS 2024<\/h3>\n\n\n\n<p>Ecolog\u00eda evolutiva<br>Histolog\u00eda animal<br>Gen\u00e9tica de la Conservaci\u00f3n<br>Limnolog\u00eda<br>Biolog\u00eda de peces<br>Bases y aplicaciones de la micolog\u00eda<br>Conservaci\u00f3n de los ecosistemas<br>Ecolog\u00eda de las interacciones planta animal<br>Interacciones y desaf\u00edos ecofisiol\u00f3gicos de las plantas<br>Biodiversidad y Ecolog\u00eda de artr\u00f3podos andino patag\u00f3nicos<br>Biogeograf\u00eda<br>Ecolog\u00eda de paisajes<br>Acuicultura orientada<br>Biolog\u00eda y diversidad de algas y briofitas<\/p>\n\n\n\n<h3 class=\"wp-block-heading\">ASIGNATURAS 2023<\/h3>\n\n\n\n<p>Dise\u00f1o experimental y desarrollo de proyectos en ecolog\u00eda<br>Limnolog\u00eda<br>Biolog\u00eda del desarrollo animal<br>Biodiversidad y ecolog\u00eda de artr\u00f3podos andino patag\u00f3nicos<br>Conservaci\u00f3n de lo ecosistemas<br>Biogeograf\u00eda<br>Ecolog\u00eda de las interacciones planta animal<br>Interacciones y desaf\u00edos ecofisiol\u00f3gicos de las plantas<br>Ecolog\u00eda de paisaje<br>Parasitolog\u00eda animal<\/p>\n\n\n\n<h3 class=\"wp-block-heading\">ASIGNATURAS 2022<\/h3>\n\n\n\n<p>Dise\u00f1o experimental y desarrollo de proyectos en ecolog\u00eda<br>Conservaci\u00f3n de los ecosistemas (Mixto: para alumnos presenciales y virtuales)<br>Ecolog\u00eda de Comunidades<br>Limnolog\u00eda<br>Biolog\u00eda de peces<br>Biogeograf\u00eda<br>Biodiversidad y ecolog\u00eda de artr\u00f3podos andino-patag\u00f3nico<br>Ecolog\u00eda Aplicada<br>Ecolog\u00eda de las interacciones planta-animal<br>MICROF\u00d3SILES CALC\u00c1REOS ((Foramin\u00edferos y ostr\u00e1codos): su utilizaci\u00f3n en aspectos bioestratigr\u00e1ficos, paleoecol\u00f3gicos, paleoclim\u00e1ticos y paleoambientales<br><\/p>\n\n\n\n<h3 class=\"wp-block-heading\" style=\"text-transform:capitalize\">ASIGNATURAS&nbsp; 2020<\/h3>\n\n\n\n<div class=\"wp-block-group is-vertical is-layout-flex wp-container-core-group-is-layout-2 wp-block-group-is-layout-flex\">\n<p>Biolog\u00eda del desarrollo animal<br>Conservaci\u00f3n de los ecosistemas<br>Limnolog\u00eda<br>Modelos en ecolog\u00eda<br>Ecolog\u00eda de comunidades<br>Dise\u00f1o Experimental y desarrollo de proyectos en ecolog\u00eda<br>Biogeograf\u00eda<\/p>\n\n\n\n<h3 class=\"wp-block-heading\">ASIGNATURAS&nbsp; 2019<\/h3>\n<\/div>\n\n\n\n<div class=\"wp-block-group is-vertical is-layout-flex wp-container-core-group-is-layout-3 wp-block-group-is-layout-flex\">\n<p>Ecolog\u00eda de las interacciones planta-animal<br>Biogeograf\u00eda<br>Ecolog\u00eda del comportamiento<br>Biodiversidad y ecolog\u00eda de artr\u00f3podos andino-patag\u00f3nicos<br>Plantas vasculares<br>Biolog\u00eda del desarrollo animal<\/p>\n<\/div>\n","protected":false},"excerpt":{"rendered":"<p>1\u00ba cuatrimestre 2026 Inicio de cursado: 9 de marzo Finalizaci\u00f3n: 4 de julio Inscripci\u00f3n en SIU Guaran\u00ed: del 2 de febrero al 1\u00ba de marzo de 2026 2\u00ba cuatrimestre 2026 &#8230;<\/p>\n","protected":false},"author":1,"featured_media":0,"parent":0,"menu_order":0,"comment_status":"closed","ping_status":"closed","template":"","meta":{"_coblocks_attr":"","_coblocks_dimensions":"","_coblocks_responsive_height":"","_coblocks_accordion_ie_support":"","footnotes":""},"folder":[],"class_list":["post-302","page","type-page","status-publish","hentry"],"_links":{"self":[{"href":"https:\/\/posgrado.crub.uncoma.edu.ar\/index.php?rest_route=\/wp\/v2\/pages\/302","targetHints":{"allow":["GET"]}}],"collection":[{"href":"https:\/\/posgrado.crub.uncoma.edu.ar\/index.php?rest_route=\/wp\/v2\/pages"}],"about":[{"href":"https:\/\/posgrado.crub.uncoma.edu.ar\/index.php?rest_route=\/wp\/v2\/types\/page"}],"author":[{"embeddable":true,"href":"https:\/\/posgrado.crub.uncoma.edu.ar\/index.php?rest_route=\/wp\/v2\/users\/1"}],"replies":[{"embeddable":true,"href":"https:\/\/posgrado.crub.uncoma.edu.ar\/index.php?rest_route=%2Fwp%2Fv2%2Fcomments&post=302"}],"version-history":[{"count":202,"href":"https:\/\/posgrado.crub.uncoma.edu.ar\/index.php?rest_route=\/wp\/v2\/pages\/302\/revisions"}],"predecessor-version":[{"id":3714,"href":"https:\/\/posgrado.crub.uncoma.edu.ar\/index.php?rest_route=\/wp\/v2\/pages\/302\/revisions\/3714"}],"wp:attachment":[{"href":"https:\/\/posgrado.crub.uncoma.edu.ar\/index.php?rest_route=%2Fwp%2Fv2%2Fmedia&parent=302"}],"wp:term":[{"taxonomy":"folder","embeddable":true,"href":"https:\/\/posgrado.crub.uncoma.edu.ar\/index.php?rest_route=%2Fwp%2Fv2%2Ffolder&post=302"}],"curies":[{"name":"wp","href":"https:\/\/api.w.org\/{rel}","templated":true}]}}